{"id":83543,"date":"2025-02-27T15:22:26","date_gmt":"2025-02-27T20:22:26","guid":{"rendered":"https:\/\/oscar.qc.ca\/produit\/haribo-lile-aux-tresors-120g-candy\/"},"modified":"2025-02-27T15:22:26","modified_gmt":"2025-02-27T20:22:26","slug":"haribo-lile-aux-tresors-120g-candy","status":"publish","type":"product","link":"https:\/\/oscar.qc.ca\/en\/product\/haribo-lile-aux-tresors-120g-candy\/","title":{"rendered":"Haribo L&#8217;\u00cele aux Tr\u00e9sors 120g Candy"},"content":{"rendered":"<p>Haribo L&#8217;\u00cele aux Tr\u00e9sors 120g Candy<\/p>\n","protected":false},"excerpt":{"rendered":"<p>Haribo L&#8217;\u00cele aux Tr\u00e9sors 120g Candy<\/p>\n","protected":false},"featured_media":83474,"template":"","meta":{"_acf_changed":false},"product_brand":[4401],"product_cat":[3958],"product_tag":[],"class_list":{"0":"post-83543","1":"product","2":"type-product","3":"status-publish","4":"has-post-thumbnail","6":"product_brand-haribo","7":"product_cat-confectionery","8":"cf","10":"first","11":"outofstock","12":"taxable","13":"shipping-taxable","14":"purchasable","15":"product-type-simple"},"acf":[],"_links":{"self":[{"href":"https:\/\/oscar.qc.ca\/en\/wp-json\/wp\/v2\/product\/83543","targetHints":{"allow":["GET"]}}],"collection":[{"href":"https:\/\/oscar.qc.ca\/en\/wp-json\/wp\/v2\/product"}],"about":[{"href":"https:\/\/oscar.qc.ca\/en\/wp-json\/wp\/v2\/types\/product"}],"wp:featuredmedia":[{"embeddable":true,"href":"https:\/\/oscar.qc.ca\/en\/wp-json\/wp\/v2\/media\/83474"}],"wp:attachment":[{"href":"https:\/\/oscar.qc.ca\/en\/wp-json\/wp\/v2\/media?parent=83543"}],"wp:term":[{"taxonomy":"product_brand","embeddable":true,"href":"https:\/\/oscar.qc.ca\/en\/wp-json\/wp\/v2\/product_brand?post=83543"},{"taxonomy":"product_cat","embeddable":true,"href":"https:\/\/oscar.qc.ca\/en\/wp-json\/wp\/v2\/product_cat?post=83543"},{"taxonomy":"product_tag","embeddable":true,"href":"https:\/\/oscar.qc.ca\/en\/wp-json\/wp\/v2\/product_tag?post=83543"}],"curies":[{"name":"wp","href":"https:\/\/api.w.org\/{rel}","templated":true}]}}